{"id":469,"date":"2025-06-12T19:54:52","date_gmt":"2025-06-12T17:54:52","guid":{"rendered":"https:\/\/www.webkamy.es\/w\/?post_type=product&#038;p=469"},"modified":"2025-06-21T12:19:21","modified_gmt":"2025-06-21T10:19:21","slug":"diseno-web-cms","status":"publish","type":"product","link":"https:\/\/www.webkamy.es\/w\/servicio\/diseno-web-cms\/","title":{"rendered":"Dise\u00f1o web 139"},"content":{"rendered":"","protected":false},"excerpt":{"rendered":"<p>Dise\u00f1o de p\u00e1gina web + hosting web + 3 buzones de correo (10GB\/buz\u00f3n)<\/p>\n","protected":false},"featured_media":481,"comment_status":"closed","ping_status":"closed","template":"","meta":{"_et_pb_use_builder":"","_et_pb_old_content":"","_et_gb_content_width":""},"pwb-brand":[],"product_cat":[42],"product_tag":[],"class_list":{"0":"post-469","1":"product","2":"type-product","3":"status-publish","4":"has-post-thumbnail","6":"product_cat-diseno-web","8":"first","9":"instock","10":"featured","11":"virtual","12":"sold-individually","13":"taxable","14":"purchasable","15":"product-type-simple"},"brands":[],"_links":{"self":[{"href":"https:\/\/www.webkamy.es\/w\/wp-json\/wp\/v2\/product\/469","targetHints":{"allow":["GET"]}}],"collection":[{"href":"https:\/\/www.webkamy.es\/w\/wp-json\/wp\/v2\/product"}],"about":[{"href":"https:\/\/www.webkamy.es\/w\/wp-json\/wp\/v2\/types\/product"}],"replies":[{"embeddable":true,"href":"https:\/\/www.webkamy.es\/w\/wp-json\/wp\/v2\/comments?post=469"}],"wp:featuredmedia":[{"embeddable":true,"href":"https:\/\/www.webkamy.es\/w\/wp-json\/wp\/v2\/media\/481"}],"wp:attachment":[{"href":"https:\/\/www.webkamy.es\/w\/wp-json\/wp\/v2\/media?parent=469"}],"wp:term":[{"taxonomy":"pwb-brand","embeddable":true,"href":"https:\/\/www.webkamy.es\/w\/wp-json\/wp\/v2\/pwb-brand?post=469"},{"taxonomy":"product_cat","embeddable":true,"href":"https:\/\/www.webkamy.es\/w\/wp-json\/wp\/v2\/product_cat?post=469"},{"taxonomy":"product_tag","embeddable":true,"href":"https:\/\/www.webkamy.es\/w\/wp-json\/wp\/v2\/product_tag?post=469"}],"curies":[{"name":"wp","href":"https:\/\/api.w.org\/{rel}","templated":true}]}}