{"id":470,"date":"2025-06-12T19:55:18","date_gmt":"2025-06-12T17:55:18","guid":{"rendered":"https:\/\/www.webkamy.es\/w\/?post_type=product&#038;p=470"},"modified":"2025-06-22T10:38:59","modified_gmt":"2025-06-22T08:38:59","slug":"diseno-web-wordpress","status":"publish","type":"product","link":"https:\/\/www.webkamy.es\/w\/servicio\/diseno-web-wordpress\/","title":{"rendered":"Dise\u00f1o web WordPress"},"content":{"rendered":"","protected":false},"excerpt":{"rendered":"<p>Dise\u00f1o de p\u00e1gina web en WordPress<\/p>\n","protected":false},"featured_media":485,"comment_status":"closed","ping_status":"closed","template":"","meta":{"_et_pb_use_builder":"","_et_pb_old_content":"","_et_gb_content_width":""},"pwb-brand":[],"product_cat":[42],"product_tag":[],"class_list":{"0":"post-470","1":"product","2":"type-product","3":"status-publish","4":"has-post-thumbnail","6":"product_cat-diseno-web","8":"first","9":"instock","10":"featured","11":"virtual","12":"sold-individually","13":"taxable","14":"purchasable","15":"product-type-simple"},"brands":[],"_links":{"self":[{"href":"https:\/\/www.webkamy.es\/w\/wp-json\/wp\/v2\/product\/470","targetHints":{"allow":["GET"]}}],"collection":[{"href":"https:\/\/www.webkamy.es\/w\/wp-json\/wp\/v2\/product"}],"about":[{"href":"https:\/\/www.webkamy.es\/w\/wp-json\/wp\/v2\/types\/product"}],"replies":[{"embeddable":true,"href":"https:\/\/www.webkamy.es\/w\/wp-json\/wp\/v2\/comments?post=470"}],"wp:featuredmedia":[{"embeddable":true,"href":"https:\/\/www.webkamy.es\/w\/wp-json\/wp\/v2\/media\/485"}],"wp:attachment":[{"href":"https:\/\/www.webkamy.es\/w\/wp-json\/wp\/v2\/media?parent=470"}],"wp:term":[{"taxonomy":"pwb-brand","embeddable":true,"href":"https:\/\/www.webkamy.es\/w\/wp-json\/wp\/v2\/pwb-brand?post=470"},{"taxonomy":"product_cat","embeddable":true,"href":"https:\/\/www.webkamy.es\/w\/wp-json\/wp\/v2\/product_cat?post=470"},{"taxonomy":"product_tag","embeddable":true,"href":"https:\/\/www.webkamy.es\/w\/wp-json\/wp\/v2\/product_tag?post=470"}],"curies":[{"name":"wp","href":"https:\/\/api.w.org\/{rel}","templated":true}]}}